{"id":644,"date":"2020-02-01T09:57:00","date_gmt":"2020-02-01T08:57:00","guid":{"rendered":"https:\/\/artmodo.pl\/?post_type=product&#038;p=644"},"modified":"2022-01-15T02:46:18","modified_gmt":"2022-01-15T01:46:18","slug":"bransoletki-z-kamieni-dla-pary","status":"publish","type":"product","link":"https:\/\/artmodo.pl\/?product=bransoletki-z-kamieni-dla-pary","title":{"rendered":"Bransoletki z kamieni dla pary"},"content":{"rendered":"<p><img loading=\"lazy\" decoding=\"async\" class=\"alignnone size-medium wp-image-509\" src=\"https:\/\/artmodo.pl\/wp-content\/uploads\/2020\/01\/IMG_20200129_130714-01-300x271.jpeg\" alt=\"\" width=\"300\" height=\"271\" srcset=\"https:\/\/artmodo.pl\/wp-content\/uploads\/2020\/01\/IMG_20200129_130714-01-300x271.jpeg 300w, https:\/\/artmodo.pl\/wp-content\/uploads\/2020\/01\/IMG_20200129_130714-01-scaled-416x376.jpeg 416w, https:\/\/artmodo.pl\/wp-content\/uploads\/2020\/01\/IMG_20200129_130714-01-1024x925.jpeg 1024w, https:\/\/artmodo.pl\/wp-content\/uploads\/2020\/01\/IMG_20200129_130714-01-768x694.jpeg 768w, https:\/\/artmodo.pl\/wp-content\/uploads\/2020\/01\/IMG_20200129_130714-01-1536x1387.jpeg 1536w, https:\/\/artmodo.pl\/wp-content\/uploads\/2020\/01\/IMG_20200129_130714-01-2048x1850.jpeg 2048w\" sizes=\"auto, (max-width: 300px) 100vw, 300px\" \/><\/p>\n<p>Bransoletki z kamieni &#8211; czarnego matowego onyksu oraz z\u0142otego hematytu. Idealne na prezent walentynkowy a dzi\u0119ki neutralnej kolorystyce mo\u017cna nosi\u0107 je r\u00f3wnie\u017c jako komplet. Mo\u017cliwo\u015b\u0107 dopasowania do ka\u017cdego rozmiaru nadgarstka przez wybranie d\u0142ugo\u015bci bransoletki podczas zamawiania.<\/p>\n<h3>Materia\u0142<\/h3>\n<ul>\n<li>kamienie p\u00f3\u0142szlachetne<\/li>\n<li>gumka jubilerska<\/li>\n<\/ul>\n","protected":false},"excerpt":{"rendered":"<p>Bransoletki z kamieni &#8211; czarnego matowego onyksu oraz z\u0142otego hematytu.<\/p>\n","protected":false},"featured_media":511,"comment_status":"open","ping_status":"closed","template":"","meta":[],"product_brand":[],"product_cat":[62,63,64],"product_tag":[65,66],"class_list":{"0":"post-644","1":"product","2":"type-product","3":"status-publish","4":"has-post-thumbnail","6":"product_cat-bransoletka","7":"product_cat-kamienie","8":"product_cat-okazjonalne","9":"product_tag-czarny","10":"product_tag-zloty","12":"first","13":"instock","14":"taxable","15":"shipping-taxable","16":"purchasable","17":"product-type-variable"},"yoast_head":"<!-- This site is optimized with the Yoast SEO plugin v27.3 - https:\/\/yoast.com\/product\/yoast-seo-wordpress\/ -->\n<title>Bransoletki z kamieni dla pary &#187; ArtModo<\/title>\n<meta name=\"robots\" content=\"index, follow, max-snippet:-1, max-image-preview:large, max-video-preview:-1\" \/>\n<link rel=\"canonical\" href=\"https:\/\/artmodo.pl\/?product=bransoletki-z-kamieni-dla-pary\" \/>\n<meta property=\"og:locale\" content=\"pl_PL\" \/>\n<meta property=\"og:type\" content=\"article\" \/>\n<meta property=\"og:title\" content=\"Bransoletki z kamieni dla pary &#187; ArtModo\" \/>\n<meta property=\"og:description\" content=\"Bransoletki z kamieni - czarnego matowego onyksu oraz z\u0142otego hematytu.\" \/>\n<meta property=\"og:url\" content=\"https:\/\/artmodo.pl\/?product=bransoletki-z-kamieni-dla-pary\" \/>\n<meta property=\"og:site_name\" content=\"ArtModo\" \/>\n<meta property=\"article:modified_time\" content=\"2022-01-15T01:46:18+00:00\" \/>\n<meta property=\"og:image\" content=\"https:\/\/artmodo.pl\/wp-content\/uploads\/2020\/01\/IMG_20200129_130714-01-1-scaled.jpeg\" \/>\n\t<meta property=\"og:image:width\" content=\"2560\" \/>\n\t<meta property=\"og:image:height\" content=\"2312\" \/>\n\t<meta property=\"og:image:type\" content=\"image\/jpeg\" \/>\n<meta name=\"twitter:card\" content=\"summary_large_image\" \/>\n<script type=\"application\/ld+json\" class=\"yoast-schema-graph\">{\"@context\":\"https:\\\/\\\/schema.org\",\"@graph\":[{\"@type\":\"WebPage\",\"@id\":\"https:\\\/\\\/artmodo.pl\\\/?product=bransoletki-z-kamieni-dla-pary\",\"url\":\"https:\\\/\\\/artmodo.pl\\\/?product=bransoletki-z-kamieni-dla-pary\",\"name\":\"Bransoletki z kamieni dla pary &#187; ArtModo\",\"isPartOf\":{\"@id\":\"https:\\\/\\\/artmodo.pl\\\/#website\"},\"primaryImageOfPage\":{\"@id\":\"https:\\\/\\\/artmodo.pl\\\/?product=bransoletki-z-kamieni-dla-pary#primaryimage\"},\"image\":{\"@id\":\"https:\\\/\\\/artmodo.pl\\\/?product=bransoletki-z-kamieni-dla-pary#primaryimage\"},\"thumbnailUrl\":\"https:\\\/\\\/artmodo.pl\\\/wp-content\\\/uploads\\\/2020\\\/01\\\/IMG_20200129_130714-01-1-scaled.jpeg\",\"datePublished\":\"2020-02-01T08:57:00+00:00\",\"dateModified\":\"2022-01-15T01:46:18+00:00\",\"breadcrumb\":{\"@id\":\"https:\\\/\\\/artmodo.pl\\\/?product=bransoletki-z-kamieni-dla-pary#breadcrumb\"},\"inLanguage\":\"pl-PL\",\"potentialAction\":[{\"@type\":\"ReadAction\",\"target\":[\"https:\\\/\\\/artmodo.pl\\\/?product=bransoletki-z-kamieni-dla-pary\"]}]},{\"@type\":\"ImageObject\",\"inLanguage\":\"pl-PL\",\"@id\":\"https:\\\/\\\/artmodo.pl\\\/?product=bransoletki-z-kamieni-dla-pary#primaryimage\",\"url\":\"https:\\\/\\\/artmodo.pl\\\/wp-content\\\/uploads\\\/2020\\\/01\\\/IMG_20200129_130714-01-1-scaled.jpeg\",\"contentUrl\":\"https:\\\/\\\/artmodo.pl\\\/wp-content\\\/uploads\\\/2020\\\/01\\\/IMG_20200129_130714-01-1-scaled.jpeg\",\"width\":2560,\"height\":2312},{\"@type\":\"BreadcrumbList\",\"@id\":\"https:\\\/\\\/artmodo.pl\\\/?product=bransoletki-z-kamieni-dla-pary#breadcrumb\",\"itemListElement\":[{\"@type\":\"ListItem\",\"position\":1,\"name\":\"Strona g\u0142\u00f3wna\",\"item\":\"https:\\\/\\\/artmodo.pl\\\/\"},{\"@type\":\"ListItem\",\"position\":2,\"name\":\"Sklep\",\"item\":\"https:\\\/\\\/artmodo.pl\\\/?page_id=346\"},{\"@type\":\"ListItem\",\"position\":3,\"name\":\"Bransoletki z kamieni dla pary\"}]},{\"@type\":\"WebSite\",\"@id\":\"https:\\\/\\\/artmodo.pl\\\/#website\",\"url\":\"https:\\\/\\\/artmodo.pl\\\/\",\"name\":\"ArtModo\",\"description\":\"spersonalizowana bi\u017cuteria dla Ciebie\",\"publisher\":{\"@id\":\"https:\\\/\\\/artmodo.pl\\\/#\\\/schema\\\/person\\\/2d9c56f7d1c39fd7255fdfb35ede7c8e\"},\"potentialAction\":[{\"@type\":\"SearchAction\",\"target\":{\"@type\":\"EntryPoint\",\"urlTemplate\":\"https:\\\/\\\/artmodo.pl\\\/?s={search_term_string}\"},\"query-input\":{\"@type\":\"PropertyValueSpecification\",\"valueRequired\":true,\"valueName\":\"search_term_string\"}}],\"inLanguage\":\"pl-PL\"},{\"@type\":[\"Person\",\"Organization\"],\"@id\":\"https:\\\/\\\/artmodo.pl\\\/#\\\/schema\\\/person\\\/2d9c56f7d1c39fd7255fdfb35ede7c8e\",\"name\":\"Aleksandra Kleczy\u0144ska\",\"image\":{\"@type\":\"ImageObject\",\"inLanguage\":\"pl-PL\",\"@id\":\"https:\\\/\\\/secure.gravatar.com\\\/avatar\\\/7d3a3ea1ae38b01a146fbcf987b61aecc855cf10580cd713ad61283d0c4d7fe3?s=96&d=mm&r=g\",\"url\":\"https:\\\/\\\/secure.gravatar.com\\\/avatar\\\/7d3a3ea1ae38b01a146fbcf987b61aecc855cf10580cd713ad61283d0c4d7fe3?s=96&d=mm&r=g\",\"contentUrl\":\"https:\\\/\\\/secure.gravatar.com\\\/avatar\\\/7d3a3ea1ae38b01a146fbcf987b61aecc855cf10580cd713ad61283d0c4d7fe3?s=96&d=mm&r=g\",\"caption\":\"Aleksandra Kleczy\u0144ska\"},\"logo\":{\"@id\":\"https:\\\/\\\/secure.gravatar.com\\\/avatar\\\/7d3a3ea1ae38b01a146fbcf987b61aecc855cf10580cd713ad61283d0c4d7fe3?s=96&d=mm&r=g\"},\"sameAs\":[\"http:\\\/\\\/ArtModo.pl\"]}]}<\/script>\n<!-- \/ Yoast SEO plugin. -->","yoast_head_json":{"title":"Bransoletki z kamieni dla pary &#187; ArtModo","robots":{"index":"index","follow":"follow","max-snippet":"max-snippet:-1","max-image-preview":"max-image-preview:large","max-video-preview":"max-video-preview:-1"},"canonical":"https:\/\/artmodo.pl\/?product=bransoletki-z-kamieni-dla-pary","og_locale":"pl_PL","og_type":"article","og_title":"Bransoletki z kamieni dla pary &#187; ArtModo","og_description":"Bransoletki z kamieni - czarnego matowego onyksu oraz z\u0142otego hematytu.","og_url":"https:\/\/artmodo.pl\/?product=bransoletki-z-kamieni-dla-pary","og_site_name":"ArtModo","article_modified_time":"2022-01-15T01:46:18+00:00","og_image":[{"width":2560,"height":2312,"url":"https:\/\/artmodo.pl\/wp-content\/uploads\/2020\/01\/IMG_20200129_130714-01-1-scaled.jpeg","type":"image\/jpeg"}],"twitter_card":"summary_large_image","schema":{"@context":"https:\/\/schema.org","@graph":[{"@type":"WebPage","@id":"https:\/\/artmodo.pl\/?product=bransoletki-z-kamieni-dla-pary","url":"https:\/\/artmodo.pl\/?product=bransoletki-z-kamieni-dla-pary","name":"Bransoletki z kamieni dla pary &#187; ArtModo","isPartOf":{"@id":"https:\/\/artmodo.pl\/#website"},"primaryImageOfPage":{"@id":"https:\/\/artmodo.pl\/?product=bransoletki-z-kamieni-dla-pary#primaryimage"},"image":{"@id":"https:\/\/artmodo.pl\/?product=bransoletki-z-kamieni-dla-pary#primaryimage"},"thumbnailUrl":"https:\/\/artmodo.pl\/wp-content\/uploads\/2020\/01\/IMG_20200129_130714-01-1-scaled.jpeg","datePublished":"2020-02-01T08:57:00+00:00","dateModified":"2022-01-15T01:46:18+00:00","breadcrumb":{"@id":"https:\/\/artmodo.pl\/?product=bransoletki-z-kamieni-dla-pary#breadcrumb"},"inLanguage":"pl-PL","potentialAction":[{"@type":"ReadAction","target":["https:\/\/artmodo.pl\/?product=bransoletki-z-kamieni-dla-pary"]}]},{"@type":"ImageObject","inLanguage":"pl-PL","@id":"https:\/\/artmodo.pl\/?product=bransoletki-z-kamieni-dla-pary#primaryimage","url":"https:\/\/artmodo.pl\/wp-content\/uploads\/2020\/01\/IMG_20200129_130714-01-1-scaled.jpeg","contentUrl":"https:\/\/artmodo.pl\/wp-content\/uploads\/2020\/01\/IMG_20200129_130714-01-1-scaled.jpeg","width":2560,"height":2312},{"@type":"BreadcrumbList","@id":"https:\/\/artmodo.pl\/?product=bransoletki-z-kamieni-dla-pary#breadcrumb","itemListElement":[{"@type":"ListItem","position":1,"name":"Strona g\u0142\u00f3wna","item":"https:\/\/artmodo.pl\/"},{"@type":"ListItem","position":2,"name":"Sklep","item":"https:\/\/artmodo.pl\/?page_id=346"},{"@type":"ListItem","position":3,"name":"Bransoletki z kamieni dla pary"}]},{"@type":"WebSite","@id":"https:\/\/artmodo.pl\/#website","url":"https:\/\/artmodo.pl\/","name":"ArtModo","description":"spersonalizowana bi\u017cuteria dla Ciebie","publisher":{"@id":"https:\/\/artmodo.pl\/#\/schema\/person\/2d9c56f7d1c39fd7255fdfb35ede7c8e"},"potentialAction":[{"@type":"SearchAction","target":{"@type":"EntryPoint","urlTemplate":"https:\/\/artmodo.pl\/?s={search_term_string}"},"query-input":{"@type":"PropertyValueSpecification","valueRequired":true,"valueName":"search_term_string"}}],"inLanguage":"pl-PL"},{"@type":["Person","Organization"],"@id":"https:\/\/artmodo.pl\/#\/schema\/person\/2d9c56f7d1c39fd7255fdfb35ede7c8e","name":"Aleksandra Kleczy\u0144ska","image":{"@type":"ImageObject","inLanguage":"pl-PL","@id":"https:\/\/secure.gravatar.com\/avatar\/7d3a3ea1ae38b01a146fbcf987b61aecc855cf10580cd713ad61283d0c4d7fe3?s=96&d=mm&r=g","url":"https:\/\/secure.gravatar.com\/avatar\/7d3a3ea1ae38b01a146fbcf987b61aecc855cf10580cd713ad61283d0c4d7fe3?s=96&d=mm&r=g","contentUrl":"https:\/\/secure.gravatar.com\/avatar\/7d3a3ea1ae38b01a146fbcf987b61aecc855cf10580cd713ad61283d0c4d7fe3?s=96&d=mm&r=g","caption":"Aleksandra Kleczy\u0144ska"},"logo":{"@id":"https:\/\/secure.gravatar.com\/avatar\/7d3a3ea1ae38b01a146fbcf987b61aecc855cf10580cd713ad61283d0c4d7fe3?s=96&d=mm&r=g"},"sameAs":["http:\/\/ArtModo.pl"]}]}},"jetpack_sharing_enabled":true,"_links":{"self":[{"href":"https:\/\/artmodo.pl\/index.php?rest_route=\/wp\/v2\/product\/644","targetHints":{"allow":["GET"]}}],"collection":[{"href":"https:\/\/artmodo.pl\/index.php?rest_route=\/wp\/v2\/product"}],"about":[{"href":"https:\/\/artmodo.pl\/index.php?rest_route=\/wp\/v2\/types\/product"}],"replies":[{"embeddable":true,"href":"https:\/\/artmodo.pl\/index.php?rest_route=%2Fwp%2Fv2%2Fcomments&post=644"}],"wp:featuredmedia":[{"embeddable":true,"href":"https:\/\/artmodo.pl\/index.php?rest_route=\/wp\/v2\/media\/511"}],"wp:attachment":[{"href":"https:\/\/artmodo.pl\/index.php?rest_route=%2Fwp%2Fv2%2Fmedia&parent=644"}],"wp:term":[{"taxonomy":"product_brand","embeddable":true,"href":"https:\/\/artmodo.pl\/index.php?rest_route=%2Fwp%2Fv2%2Fproduct_brand&post=644"},{"taxonomy":"product_cat","embeddable":true,"href":"https:\/\/artmodo.pl\/index.php?rest_route=%2Fwp%2Fv2%2Fproduct_cat&post=644"},{"taxonomy":"product_tag","embeddable":true,"href":"https:\/\/artmodo.pl\/index.php?rest_route=%2Fwp%2Fv2%2Fproduct_tag&post=644"}],"curies":[{"name":"wp","href":"https:\/\/api.w.org\/{rel}","templated":true}]}}