{"id":850,"date":"2020-02-05T08:22:34","date_gmt":"2020-02-05T07:22:34","guid":{"rendered":"https:\/\/artmodo.pl\/?page_id=850"},"modified":"2020-03-09T13:46:48","modified_gmt":"2020-03-09T12:46:48","slug":"polityka-prywatnosci","status":"publish","type":"page","link":"https:\/\/artmodo.pl\/?page_id=850","title":{"rendered":"Polityka Prywatno\u015bci"},"content":{"rendered":"\n<ol class=\"wp-block-list\"><li>Dane o\u00a0u\u017cytkownikach gromadzone s\u0105 wy\u0142\u0105cznie w\u00a0celu zapewnienia prawid\u0142owej obs\u0142ugi u\u017cytkownik\u00f3w i\u00a0nie s\u0105, oraz nigdy nie b\u0119d\u0105, udost\u0119pniane osobom trzecim.<\/li><li>U\u017cytkownik ma zawsze wgl\u0105d w\u00a0swoje dane i\u00a0mo\u017cliwo\u015b\u0107 ich poprawienia (Moje konto \u00bb Edycja profilu).<\/li><li>U\u017cytkownik o\u015bwiadcza, \u017ce informacje podane przez niego podczas rejestracji w sklepie ArtModo.pl<em><strong>\u00a0<\/strong><\/em>s\u0105 zgodne z\u00a0prawd\u0105.<\/li><li>Chc\u0105c usun\u0105\u0107 swoje konto ze sklepu ArtModo.pl, u\u017cytkownik wysy\u0142a wiadomo\u015b\u0107 e-mail na adres:\u00a0aleksandra@artmodo.pl\u00a0z tematem: PROSZ\u0118 USUN\u0104\u0106 MOJE KONTO. Wiadomo\u015b\u0107 powinna zosta\u0107 wys\u0142ana z adresu e-mail, kt\u00f3ry zosta\u0142 podany podczas rejestracji w sklepie ArtModo.pl.<\/li><li>U\u017cytkownik sam decyduje, czy chce otrzymywa\u0107 od sklepy ArtModo.pl,\u00a0informacje o\u00a0nowo\u015bciach w ofercie. W\u00a0ka\u017cdej chwili mo\u017ce z\u00a0nich zrezygnowa\u0107, wy\u0142\u0105czaj\u0105c odpowiedni\u0105 opcj\u0119 w\u00a0formularzu zmiany swoich danych (Moje konto \u00bb Edycja profilu).<\/li><li>Sklep ArtModo.pl\u00a0<strong>wykorzystuje<\/strong>\u00a0technologi\u0119\u00a0<strong>cookies<\/strong>.<ul><li>Technologia cookies umo\u017cliwia zbieranie anonimowych informacji z komputera U\u017cytkownika, takich jak adres internetowy podstron, kt\u00f3re U\u017cytkownik odwiedza\u0142 w sklepie ArtModo.pl\u00a0oraz adres IP i wersj\u0119 przegl\u0105darki internetowej zainstalowanej na komputerze U\u017cytkownika.<\/li><li>Zebrane za pomoc\u0105 technologii cookies informacje sklep ArtModo.pl wykorzystuje w celu zapewnienia U\u017cytkownikom lepszej obs\u0142ugi poprzez automatyczne rozpoznanie U\u017cytkownika przez serwer, dzi\u0119ki czemu mo\u017ce on wygenerowa\u0107 przeznaczon\u0105 dla U\u017cytkownika stron\u0119.<\/li><li>U\u017cytkownik mo\u017ce ustawi\u0107 przegl\u0105dark\u0119 internetow\u0105 w ten spos\u00f3b, aby informowa\u0142a, kiedy wysy\u0142any jest plik cookies lub aby odrzuca\u0142a wszystkie pliki cookies, jednak bez w\u0142\u0105czonej opcji obs\u0142ugi plik\u00f3w cookies pewne funkcje sklepu ArtModo.pl mog\u0105 nie dzia\u0142a\u0107 lub dzia\u0142a\u0107 nieprawid\u0142owo.<\/li><\/ul><\/li><\/ol>\n","protected":false},"excerpt":{"rendered":"<p>Dane o\u00a0u\u017cytkownikach gromadzone s\u0105 wy\u0142\u0105cznie w\u00a0celu zapewnienia prawid\u0142owej obs\u0142ugi u\u017cytkownik\u00f3w i\u00a0nie s\u0105, oraz nigdy nie b\u0119d\u0105, udost\u0119pniane osobom trzecim. U\u017cytkownik ma zawsze wgl\u0105d w\u00a0swoje dane i\u00a0mo\u017cliwo\u015b\u0107 ich poprawienia (Moje konto \u00bb Edycja profilu). U\u017cytkownik o\u015bwiadcza, \u017ce informacje podane przez niego podczas rejestracji w sklepie ArtModo.pl\u00a0s\u0105 zgodne z\u00a0prawd\u0105. Chc\u0105c usun\u0105\u0107 swoje konto ze sklepu ArtModo.pl, u\u017cytkownik [&hellip;]<\/p>\n","protected":false},"author":3,"featured_media":0,"parent":0,"menu_order":0,"comment_status":"closed","ping_status":"closed","template":"","meta":{"footnotes":""},"class_list":["post-850","page","type-page","status-publish","hentry"],"yoast_head":"<!-- This site is optimized with the Yoast SEO plugin v27.3 - https:\/\/yoast.com\/product\/yoast-seo-wordpress\/ -->\n<title>Polityka Prywatno\u015bci &#187; ArtModo<\/title>\n<meta name=\"robots\" content=\"index, follow, max-snippet:-1, max-image-preview:large, max-video-preview:-1\" \/>\n<link rel=\"canonical\" href=\"https:\/\/artmodo.pl\/?page_id=850\" \/>\n<meta property=\"og:locale\" content=\"pl_PL\" \/>\n<meta property=\"og:type\" content=\"article\" \/>\n<meta property=\"og:title\" content=\"Polityka Prywatno\u015bci &#187; ArtModo\" \/>\n<meta property=\"og:description\" content=\"Dane o\u00a0u\u017cytkownikach gromadzone s\u0105 wy\u0142\u0105cznie w\u00a0celu zapewnienia prawid\u0142owej obs\u0142ugi u\u017cytkownik\u00f3w i\u00a0nie s\u0105, oraz nigdy nie b\u0119d\u0105, udost\u0119pniane osobom trzecim. U\u017cytkownik ma zawsze wgl\u0105d w\u00a0swoje dane i\u00a0mo\u017cliwo\u015b\u0107 ich poprawienia (Moje konto \u00bb Edycja profilu). U\u017cytkownik o\u015bwiadcza, \u017ce informacje podane przez niego podczas rejestracji w sklepie ArtModo.pl\u00a0s\u0105 zgodne z\u00a0prawd\u0105. Chc\u0105c usun\u0105\u0107 swoje konto ze sklepu ArtModo.pl, u\u017cytkownik [&hellip;]\" \/>\n<meta property=\"og:url\" content=\"https:\/\/artmodo.pl\/?page_id=850\" \/>\n<meta property=\"og:site_name\" content=\"ArtModo\" \/>\n<meta property=\"article:modified_time\" content=\"2020-03-09T12:46:48+00:00\" \/>\n<meta name=\"twitter:card\" content=\"summary_large_image\" \/>\n<meta name=\"twitter:label1\" content=\"Szacowany czas czytania\" \/>\n\t<meta name=\"twitter:data1\" content=\"1 minuta\" \/>\n<script type=\"application\/ld+json\" class=\"yoast-schema-graph\">{\"@context\":\"https:\\\/\\\/schema.org\",\"@graph\":[{\"@type\":\"WebPage\",\"@id\":\"https:\\\/\\\/artmodo.pl\\\/?page_id=850\",\"url\":\"https:\\\/\\\/artmodo.pl\\\/?page_id=850\",\"name\":\"Polityka Prywatno\u015bci &#187; ArtModo\",\"isPartOf\":{\"@id\":\"https:\\\/\\\/artmodo.pl\\\/#website\"},\"datePublished\":\"2020-02-05T07:22:34+00:00\",\"dateModified\":\"2020-03-09T12:46:48+00:00\",\"breadcrumb\":{\"@id\":\"https:\\\/\\\/artmodo.pl\\\/?page_id=850#breadcrumb\"},\"inLanguage\":\"pl-PL\",\"potentialAction\":[{\"@type\":\"ReadAction\",\"target\":[\"https:\\\/\\\/artmodo.pl\\\/?page_id=850\"]}]},{\"@type\":\"BreadcrumbList\",\"@id\":\"https:\\\/\\\/artmodo.pl\\\/?page_id=850#breadcrumb\",\"itemListElement\":[{\"@type\":\"ListItem\",\"position\":1,\"name\":\"Strona g\u0142\u00f3wna\",\"item\":\"https:\\\/\\\/artmodo.pl\\\/\"},{\"@type\":\"ListItem\",\"position\":2,\"name\":\"Polityka Prywatno\u015bci\"}]},{\"@type\":\"WebSite\",\"@id\":\"https:\\\/\\\/artmodo.pl\\\/#website\",\"url\":\"https:\\\/\\\/artmodo.pl\\\/\",\"name\":\"ArtModo\",\"description\":\"spersonalizowana bi\u017cuteria dla Ciebie\",\"publisher\":{\"@id\":\"https:\\\/\\\/artmodo.pl\\\/#\\\/schema\\\/person\\\/2d9c56f7d1c39fd7255fdfb35ede7c8e\"},\"potentialAction\":[{\"@type\":\"SearchAction\",\"target\":{\"@type\":\"EntryPoint\",\"urlTemplate\":\"https:\\\/\\\/artmodo.pl\\\/?s={search_term_string}\"},\"query-input\":{\"@type\":\"PropertyValueSpecification\",\"valueRequired\":true,\"valueName\":\"search_term_string\"}}],\"inLanguage\":\"pl-PL\"},{\"@type\":[\"Person\",\"Organization\"],\"@id\":\"https:\\\/\\\/artmodo.pl\\\/#\\\/schema\\\/person\\\/2d9c56f7d1c39fd7255fdfb35ede7c8e\",\"name\":\"Aleksandra Kleczy\u0144ska\",\"image\":{\"@type\":\"ImageObject\",\"inLanguage\":\"pl-PL\",\"@id\":\"https:\\\/\\\/secure.gravatar.com\\\/avatar\\\/7d3a3ea1ae38b01a146fbcf987b61aecc855cf10580cd713ad61283d0c4d7fe3?s=96&d=mm&r=g\",\"url\":\"https:\\\/\\\/secure.gravatar.com\\\/avatar\\\/7d3a3ea1ae38b01a146fbcf987b61aecc855cf10580cd713ad61283d0c4d7fe3?s=96&d=mm&r=g\",\"contentUrl\":\"https:\\\/\\\/secure.gravatar.com\\\/avatar\\\/7d3a3ea1ae38b01a146fbcf987b61aecc855cf10580cd713ad61283d0c4d7fe3?s=96&d=mm&r=g\",\"caption\":\"Aleksandra Kleczy\u0144ska\"},\"logo\":{\"@id\":\"https:\\\/\\\/secure.gravatar.com\\\/avatar\\\/7d3a3ea1ae38b01a146fbcf987b61aecc855cf10580cd713ad61283d0c4d7fe3?s=96&d=mm&r=g\"},\"sameAs\":[\"http:\\\/\\\/ArtModo.pl\"]}]}<\/script>\n<!-- \/ Yoast SEO plugin. -->","yoast_head_json":{"title":"Polityka Prywatno\u015bci &#187; ArtModo","robots":{"index":"index","follow":"follow","max-snippet":"max-snippet:-1","max-image-preview":"max-image-preview:large","max-video-preview":"max-video-preview:-1"},"canonical":"https:\/\/artmodo.pl\/?page_id=850","og_locale":"pl_PL","og_type":"article","og_title":"Polityka Prywatno\u015bci &#187; ArtModo","og_description":"Dane o\u00a0u\u017cytkownikach gromadzone s\u0105 wy\u0142\u0105cznie w\u00a0celu zapewnienia prawid\u0142owej obs\u0142ugi u\u017cytkownik\u00f3w i\u00a0nie s\u0105, oraz nigdy nie b\u0119d\u0105, udost\u0119pniane osobom trzecim. U\u017cytkownik ma zawsze wgl\u0105d w\u00a0swoje dane i\u00a0mo\u017cliwo\u015b\u0107 ich poprawienia (Moje konto \u00bb Edycja profilu). U\u017cytkownik o\u015bwiadcza, \u017ce informacje podane przez niego podczas rejestracji w sklepie ArtModo.pl\u00a0s\u0105 zgodne z\u00a0prawd\u0105. Chc\u0105c usun\u0105\u0107 swoje konto ze sklepu ArtModo.pl, u\u017cytkownik [&hellip;]","og_url":"https:\/\/artmodo.pl\/?page_id=850","og_site_name":"ArtModo","article_modified_time":"2020-03-09T12:46:48+00:00","twitter_card":"summary_large_image","twitter_misc":{"Szacowany czas czytania":"1 minuta"},"schema":{"@context":"https:\/\/schema.org","@graph":[{"@type":"WebPage","@id":"https:\/\/artmodo.pl\/?page_id=850","url":"https:\/\/artmodo.pl\/?page_id=850","name":"Polityka Prywatno\u015bci &#187; ArtModo","isPartOf":{"@id":"https:\/\/artmodo.pl\/#website"},"datePublished":"2020-02-05T07:22:34+00:00","dateModified":"2020-03-09T12:46:48+00:00","breadcrumb":{"@id":"https:\/\/artmodo.pl\/?page_id=850#breadcrumb"},"inLanguage":"pl-PL","potentialAction":[{"@type":"ReadAction","target":["https:\/\/artmodo.pl\/?page_id=850"]}]},{"@type":"BreadcrumbList","@id":"https:\/\/artmodo.pl\/?page_id=850#breadcrumb","itemListElement":[{"@type":"ListItem","position":1,"name":"Strona g\u0142\u00f3wna","item":"https:\/\/artmodo.pl\/"},{"@type":"ListItem","position":2,"name":"Polityka Prywatno\u015bci"}]},{"@type":"WebSite","@id":"https:\/\/artmodo.pl\/#website","url":"https:\/\/artmodo.pl\/","name":"ArtModo","description":"spersonalizowana bi\u017cuteria dla Ciebie","publisher":{"@id":"https:\/\/artmodo.pl\/#\/schema\/person\/2d9c56f7d1c39fd7255fdfb35ede7c8e"},"potentialAction":[{"@type":"SearchAction","target":{"@type":"EntryPoint","urlTemplate":"https:\/\/artmodo.pl\/?s={search_term_string}"},"query-input":{"@type":"PropertyValueSpecification","valueRequired":true,"valueName":"search_term_string"}}],"inLanguage":"pl-PL"},{"@type":["Person","Organization"],"@id":"https:\/\/artmodo.pl\/#\/schema\/person\/2d9c56f7d1c39fd7255fdfb35ede7c8e","name":"Aleksandra Kleczy\u0144ska","image":{"@type":"ImageObject","inLanguage":"pl-PL","@id":"https:\/\/secure.gravatar.com\/avatar\/7d3a3ea1ae38b01a146fbcf987b61aecc855cf10580cd713ad61283d0c4d7fe3?s=96&d=mm&r=g","url":"https:\/\/secure.gravatar.com\/avatar\/7d3a3ea1ae38b01a146fbcf987b61aecc855cf10580cd713ad61283d0c4d7fe3?s=96&d=mm&r=g","contentUrl":"https:\/\/secure.gravatar.com\/avatar\/7d3a3ea1ae38b01a146fbcf987b61aecc855cf10580cd713ad61283d0c4d7fe3?s=96&d=mm&r=g","caption":"Aleksandra Kleczy\u0144ska"},"logo":{"@id":"https:\/\/secure.gravatar.com\/avatar\/7d3a3ea1ae38b01a146fbcf987b61aecc855cf10580cd713ad61283d0c4d7fe3?s=96&d=mm&r=g"},"sameAs":["http:\/\/ArtModo.pl"]}]}},"jetpack_sharing_enabled":true,"_links":{"self":[{"href":"https:\/\/artmodo.pl\/index.php?rest_route=\/wp\/v2\/pages\/850","targetHints":{"allow":["GET"]}}],"collection":[{"href":"https:\/\/artmodo.pl\/index.php?rest_route=\/wp\/v2\/pages"}],"about":[{"href":"https:\/\/artmodo.pl\/index.php?rest_route=\/wp\/v2\/types\/page"}],"author":[{"embeddable":true,"href":"https:\/\/artmodo.pl\/index.php?rest_route=\/wp\/v2\/users\/3"}],"replies":[{"embeddable":true,"href":"https:\/\/artmodo.pl\/index.php?rest_route=%2Fwp%2Fv2%2Fcomments&post=850"}],"version-history":[{"count":3,"href":"https:\/\/artmodo.pl\/index.php?rest_route=\/wp\/v2\/pages\/850\/revisions"}],"predecessor-version":[{"id":1602,"href":"https:\/\/artmodo.pl\/index.php?rest_route=\/wp\/v2\/pages\/850\/revisions\/1602"}],"wp:attachment":[{"href":"https:\/\/artmodo.pl\/index.php?rest_route=%2Fwp%2Fv2%2Fmedia&parent=850"}],"curies":[{"name":"wp","href":"https:\/\/api.w.org\/{rel}","templated":true}]}}