{"id":135,"date":"2018-02-27T20:51:40","date_gmt":"2018-02-27T19:51:40","guid":{"rendered":"https:\/\/artmodo.pl\/?page_id=135"},"modified":"2020-02-01T13:12:59","modified_gmt":"2020-02-01T12:12:59","slug":"kontakt","status":"publish","type":"page","link":"https:\/\/artmodo.pl\/?page_id=135","title":{"rendered":"Kontakt"},"content":{"rendered":"\n<p><strong>Adres:<\/strong><br>Al. Zjednoczenia 42 lok. 15, 01-801&nbsp;Warszawa<\/p>\n\n\n\n<p><strong>Godziny:<\/strong><br>Poniedzia\u0142ek &#8211; pi\u0105tek: 9:00\u201317:00<\/p>\n\n\n\n<p><strong>E-mail: <\/strong><br>aleksandra@artmodo.pl<\/p>\n\n\n\n<p><strong>Facebook:&nbsp;<\/strong><br>https:\/\/www.facebook.com\/artmodo\/<\/p>\n\n\n\n<p><strong>O mnie<\/strong><\/p>\n\n\n\n<p>Kilka lat temu zaj\u0119\u0142am si\u0119 projektowaniem bi\u017cuterii dla Rodziny i znajomych. Poniewa\u017c wszystkim si\u0119 spodoba\u0142o zacz\u0119\u0142am to robi\u0107 dla innych os\u00f3b, kt\u00f3re zamawiaj\u0105 dla siebie bi\u017cuteri\u0119 personalizowan\u0105. Je\u015bli chcesz co\u015b zam\u00f3wi\u0107, ale nie wiesz co przejrzyj projekty w sekcji Bi\u017cuteria a nast\u0119pnie napisz do mnie, \u017cebym mog\u0142a zrobi\u0107 wymarzone przez Ciebie kolczyki, bransoletki czy wisiory.<\/p>\n\n\n\n<p>Zapraszam<br>Aleksandra Kleczy\u0144ska<br><strong>ArtModo.pl<\/strong><\/p>\n\n\n\n<p><\/p>\n","protected":false},"excerpt":{"rendered":"<p>Adres:Al. Zjednoczenia 42 lok. 15, 01-801&nbsp;Warszawa Godziny:Poniedzia\u0142ek &#8211; pi\u0105tek: 9:00\u201317:00 E-mail: aleksandra@artmodo.pl Facebook:&nbsp;https:\/\/www.facebook.com\/artmodo\/ O mnie Kilka lat temu zaj\u0119\u0142am si\u0119 projektowaniem bi\u017cuterii dla Rodziny i znajomych. Poniewa\u017c wszystkim si\u0119 spodoba\u0142o zacz\u0119\u0142am to robi\u0107 dla innych os\u00f3b, kt\u00f3re zamawiaj\u0105 dla siebie bi\u017cuteri\u0119 personalizowan\u0105. Je\u015bli chcesz co\u015b zam\u00f3wi\u0107, ale nie wiesz co przejrzyj projekty w sekcji Bi\u017cuteria [&hellip;]<\/p>\n","protected":false},"author":2,"featured_media":0,"parent":0,"menu_order":0,"comment_status":"closed","ping_status":"closed","template":"","meta":{"footnotes":""},"class_list":["post-135","page","type-page","status-publish","hentry"],"yoast_head":"<!-- This site is optimized with the Yoast SEO plugin v27.3 - https:\/\/yoast.com\/product\/yoast-seo-wordpress\/ -->\n<title>Kontakt &#187; ArtModo<\/title>\n<meta name=\"robots\" content=\"index, follow, max-snippet:-1, max-image-preview:large, max-video-preview:-1\" \/>\n<link rel=\"canonical\" href=\"https:\/\/artmodo.pl\/?page_id=135\" \/>\n<meta property=\"og:locale\" content=\"pl_PL\" \/>\n<meta property=\"og:type\" content=\"article\" \/>\n<meta property=\"og:title\" content=\"Kontakt &#187; ArtModo\" \/>\n<meta property=\"og:description\" content=\"Adres:Al. Zjednoczenia 42 lok. 15, 01-801&nbsp;Warszawa Godziny:Poniedzia\u0142ek &#8211; pi\u0105tek: 9:00\u201317:00 E-mail: aleksandra@artmodo.pl Facebook:&nbsp;https:\/\/www.facebook.com\/artmodo\/ O mnie Kilka lat temu zaj\u0119\u0142am si\u0119 projektowaniem bi\u017cuterii dla Rodziny i znajomych. Poniewa\u017c wszystkim si\u0119 spodoba\u0142o zacz\u0119\u0142am to robi\u0107 dla innych os\u00f3b, kt\u00f3re zamawiaj\u0105 dla siebie bi\u017cuteri\u0119 personalizowan\u0105. Je\u015bli chcesz co\u015b zam\u00f3wi\u0107, ale nie wiesz co przejrzyj projekty w sekcji Bi\u017cuteria [&hellip;]\" \/>\n<meta property=\"og:url\" content=\"https:\/\/artmodo.pl\/?page_id=135\" \/>\n<meta property=\"og:site_name\" content=\"ArtModo\" \/>\n<meta property=\"article:modified_time\" content=\"2020-02-01T12:12:59+00:00\" \/>\n<meta name=\"twitter:card\" content=\"summary_large_image\" \/>\n<script type=\"application\/ld+json\" class=\"yoast-schema-graph\">{\"@context\":\"https:\\\/\\\/schema.org\",\"@graph\":[{\"@type\":\"WebPage\",\"@id\":\"https:\\\/\\\/artmodo.pl\\\/?page_id=135\",\"url\":\"https:\\\/\\\/artmodo.pl\\\/?page_id=135\",\"name\":\"Kontakt &#187; ArtModo\",\"isPartOf\":{\"@id\":\"https:\\\/\\\/artmodo.pl\\\/#website\"},\"datePublished\":\"2018-02-27T19:51:40+00:00\",\"dateModified\":\"2020-02-01T12:12:59+00:00\",\"breadcrumb\":{\"@id\":\"https:\\\/\\\/artmodo.pl\\\/?page_id=135#breadcrumb\"},\"inLanguage\":\"pl-PL\",\"potentialAction\":[{\"@type\":\"ReadAction\",\"target\":[\"https:\\\/\\\/artmodo.pl\\\/?page_id=135\"]}]},{\"@type\":\"BreadcrumbList\",\"@id\":\"https:\\\/\\\/artmodo.pl\\\/?page_id=135#breadcrumb\",\"itemListElement\":[{\"@type\":\"ListItem\",\"position\":1,\"name\":\"Strona g\u0142\u00f3wna\",\"item\":\"https:\\\/\\\/artmodo.pl\\\/\"},{\"@type\":\"ListItem\",\"position\":2,\"name\":\"Kontakt\"}]},{\"@type\":\"WebSite\",\"@id\":\"https:\\\/\\\/artmodo.pl\\\/#website\",\"url\":\"https:\\\/\\\/artmodo.pl\\\/\",\"name\":\"ArtModo\",\"description\":\"spersonalizowana bi\u017cuteria dla Ciebie\",\"publisher\":{\"@id\":\"https:\\\/\\\/artmodo.pl\\\/#\\\/schema\\\/person\\\/2d9c56f7d1c39fd7255fdfb35ede7c8e\"},\"potentialAction\":[{\"@type\":\"SearchAction\",\"target\":{\"@type\":\"EntryPoint\",\"urlTemplate\":\"https:\\\/\\\/artmodo.pl\\\/?s={search_term_string}\"},\"query-input\":{\"@type\":\"PropertyValueSpecification\",\"valueRequired\":true,\"valueName\":\"search_term_string\"}}],\"inLanguage\":\"pl-PL\"},{\"@type\":[\"Person\",\"Organization\"],\"@id\":\"https:\\\/\\\/artmodo.pl\\\/#\\\/schema\\\/person\\\/2d9c56f7d1c39fd7255fdfb35ede7c8e\",\"name\":\"Aleksandra Kleczy\u0144ska\",\"image\":{\"@type\":\"ImageObject\",\"inLanguage\":\"pl-PL\",\"@id\":\"https:\\\/\\\/secure.gravatar.com\\\/avatar\\\/7d3a3ea1ae38b01a146fbcf987b61aecc855cf10580cd713ad61283d0c4d7fe3?s=96&d=mm&r=g\",\"url\":\"https:\\\/\\\/secure.gravatar.com\\\/avatar\\\/7d3a3ea1ae38b01a146fbcf987b61aecc855cf10580cd713ad61283d0c4d7fe3?s=96&d=mm&r=g\",\"contentUrl\":\"https:\\\/\\\/secure.gravatar.com\\\/avatar\\\/7d3a3ea1ae38b01a146fbcf987b61aecc855cf10580cd713ad61283d0c4d7fe3?s=96&d=mm&r=g\",\"caption\":\"Aleksandra Kleczy\u0144ska\"},\"logo\":{\"@id\":\"https:\\\/\\\/secure.gravatar.com\\\/avatar\\\/7d3a3ea1ae38b01a146fbcf987b61aecc855cf10580cd713ad61283d0c4d7fe3?s=96&d=mm&r=g\"},\"sameAs\":[\"http:\\\/\\\/ArtModo.pl\"]}]}<\/script>\n<!-- \/ Yoast SEO plugin. -->","yoast_head_json":{"title":"Kontakt &#187; ArtModo","robots":{"index":"index","follow":"follow","max-snippet":"max-snippet:-1","max-image-preview":"max-image-preview:large","max-video-preview":"max-video-preview:-1"},"canonical":"https:\/\/artmodo.pl\/?page_id=135","og_locale":"pl_PL","og_type":"article","og_title":"Kontakt &#187; ArtModo","og_description":"Adres:Al. Zjednoczenia 42 lok. 15, 01-801&nbsp;Warszawa Godziny:Poniedzia\u0142ek &#8211; pi\u0105tek: 9:00\u201317:00 E-mail: aleksandra@artmodo.pl Facebook:&nbsp;https:\/\/www.facebook.com\/artmodo\/ O mnie Kilka lat temu zaj\u0119\u0142am si\u0119 projektowaniem bi\u017cuterii dla Rodziny i znajomych. Poniewa\u017c wszystkim si\u0119 spodoba\u0142o zacz\u0119\u0142am to robi\u0107 dla innych os\u00f3b, kt\u00f3re zamawiaj\u0105 dla siebie bi\u017cuteri\u0119 personalizowan\u0105. Je\u015bli chcesz co\u015b zam\u00f3wi\u0107, ale nie wiesz co przejrzyj projekty w sekcji Bi\u017cuteria [&hellip;]","og_url":"https:\/\/artmodo.pl\/?page_id=135","og_site_name":"ArtModo","article_modified_time":"2020-02-01T12:12:59+00:00","twitter_card":"summary_large_image","schema":{"@context":"https:\/\/schema.org","@graph":[{"@type":"WebPage","@id":"https:\/\/artmodo.pl\/?page_id=135","url":"https:\/\/artmodo.pl\/?page_id=135","name":"Kontakt &#187; ArtModo","isPartOf":{"@id":"https:\/\/artmodo.pl\/#website"},"datePublished":"2018-02-27T19:51:40+00:00","dateModified":"2020-02-01T12:12:59+00:00","breadcrumb":{"@id":"https:\/\/artmodo.pl\/?page_id=135#breadcrumb"},"inLanguage":"pl-PL","potentialAction":[{"@type":"ReadAction","target":["https:\/\/artmodo.pl\/?page_id=135"]}]},{"@type":"BreadcrumbList","@id":"https:\/\/artmodo.pl\/?page_id=135#breadcrumb","itemListElement":[{"@type":"ListItem","position":1,"name":"Strona g\u0142\u00f3wna","item":"https:\/\/artmodo.pl\/"},{"@type":"ListItem","position":2,"name":"Kontakt"}]},{"@type":"WebSite","@id":"https:\/\/artmodo.pl\/#website","url":"https:\/\/artmodo.pl\/","name":"ArtModo","description":"spersonalizowana bi\u017cuteria dla Ciebie","publisher":{"@id":"https:\/\/artmodo.pl\/#\/schema\/person\/2d9c56f7d1c39fd7255fdfb35ede7c8e"},"potentialAction":[{"@type":"SearchAction","target":{"@type":"EntryPoint","urlTemplate":"https:\/\/artmodo.pl\/?s={search_term_string}"},"query-input":{"@type":"PropertyValueSpecification","valueRequired":true,"valueName":"search_term_string"}}],"inLanguage":"pl-PL"},{"@type":["Person","Organization"],"@id":"https:\/\/artmodo.pl\/#\/schema\/person\/2d9c56f7d1c39fd7255fdfb35ede7c8e","name":"Aleksandra Kleczy\u0144ska","image":{"@type":"ImageObject","inLanguage":"pl-PL","@id":"https:\/\/secure.gravatar.com\/avatar\/7d3a3ea1ae38b01a146fbcf987b61aecc855cf10580cd713ad61283d0c4d7fe3?s=96&d=mm&r=g","url":"https:\/\/secure.gravatar.com\/avatar\/7d3a3ea1ae38b01a146fbcf987b61aecc855cf10580cd713ad61283d0c4d7fe3?s=96&d=mm&r=g","contentUrl":"https:\/\/secure.gravatar.com\/avatar\/7d3a3ea1ae38b01a146fbcf987b61aecc855cf10580cd713ad61283d0c4d7fe3?s=96&d=mm&r=g","caption":"Aleksandra Kleczy\u0144ska"},"logo":{"@id":"https:\/\/secure.gravatar.com\/avatar\/7d3a3ea1ae38b01a146fbcf987b61aecc855cf10580cd713ad61283d0c4d7fe3?s=96&d=mm&r=g"},"sameAs":["http:\/\/ArtModo.pl"]}]}},"jetpack_sharing_enabled":true,"_links":{"self":[{"href":"https:\/\/artmodo.pl\/index.php?rest_route=\/wp\/v2\/pages\/135","targetHints":{"allow":["GET"]}}],"collection":[{"href":"https:\/\/artmodo.pl\/index.php?rest_route=\/wp\/v2\/pages"}],"about":[{"href":"https:\/\/artmodo.pl\/index.php?rest_route=\/wp\/v2\/types\/page"}],"author":[{"embeddable":true,"href":"https:\/\/artmodo.pl\/index.php?rest_route=\/wp\/v2\/users\/2"}],"replies":[{"embeddable":true,"href":"https:\/\/artmodo.pl\/index.php?rest_route=%2Fwp%2Fv2%2Fcomments&post=135"}],"version-history":[{"count":4,"href":"https:\/\/artmodo.pl\/index.php?rest_route=\/wp\/v2\/pages\/135\/revisions"}],"predecessor-version":[{"id":681,"href":"https:\/\/artmodo.pl\/index.php?rest_route=\/wp\/v2\/pages\/135\/revisions\/681"}],"wp:attachment":[{"href":"https:\/\/artmodo.pl\/index.php?rest_route=%2Fwp%2Fv2%2Fmedia&parent=135"}],"curies":[{"name":"wp","href":"https:\/\/api.w.org\/{rel}","templated":true}]}}